{"id":89,"date":"2025-04-12T08:56:14","date_gmt":"2025-04-12T08:56:14","guid":{"rendered":"https:\/\/www.l2-designery.de\/index.php\/kontaktseite\/"},"modified":"2025-12-12T09:19:19","modified_gmt":"2025-12-12T09:19:19","slug":"kontaktseite","status":"publish","type":"page","link":"https:\/\/www.l2-designery.de\/index.php\/kontaktseite\/","title":{"rendered":"Kontaktseite"},"content":{"rendered":"\n<main class=\"wp-block-group is-layout-flow wp-container-core-group-is-layout-5e28f8c7 wp-block-group-is-layout-flow\" style=\"margin-top:0;margin-bottom:0;padding-top:0;padding-right:0;padding-bottom:0;padding-left:0\">\n<div class=\"wp-block-group alignfull has-ti-bg-alt-background-color has-background is-layout-constrained wp-container-core-group-is-layout-ca21e7af wp-block-group-is-layout-constrained\" style=\"margin-top:0;margin-bottom:0;padding-top:var(--wp--preset--spacing--80);padding-right:var(--wp--preset--spacing--40);padding-bottom:var(--wp--preset--spacing--80);padding-left:var(--wp--preset--spacing--40)\">\n<h1 class=\"wp-block-heading alignwide has-text-align-center\">Kontakt<\/h1>\n<\/div>\n\n\n\n<div class=\"wp-block-group alignfull is-layout-constrained wp-container-core-group-is-layout-e1639f40 wp-block-group-is-layout-constrained\" style=\"margin-top:0;margin-bottom:0;padding-top:var(--wp--preset--spacing--80);padding-right:var(--wp--preset--spacing--50);padding-bottom:var(--wp--preset--spacing--80);padding-left:var(--wp--preset--spacing--50)\">\n<div class=\"wp-block-columns alignwide is-layout-flex wp-container-core-columns-is-layout-f5a44f5b wp-block-columns-is-layout-flex\">\n<div class=\"wp-block-column is-vertically-aligned-top is-layout-flow wp-container-core-column-is-layout-9f77543f wp-block-column-is-layout-flow\">\n<h2 class=\"wp-block-heading\">Wie kann ich dir helfen?<\/h2>\n\n\n\n<p>Louisa Langst\u00e4dtler<br>Abwinkelbachstra\u00dfe 20<br>83734 Hausham<br>Tel: <a href=\"tel:015782564166\">0157-82564166<\/a><br>Email: <a href=\"mailto:info@l2-designery.de\">info@l2-designery.de<\/a><\/p>\n\n\n\n<p><\/p>\n<\/div>\n\n\n\n<div class=\"wp-block-column is-layout-flow wp-block-column-is-layout-flow\" style=\"flex-basis:66%\">\n<div class=\"wp-block-group has-ti-bg-alt-background-color has-background is-layout-constrained wp-block-group-is-layout-constrained\" style=\"padding-top:var(--wp--preset--spacing--40);padding-bottom:var(--wp--preset--spacing--40)\">\n<details class=\"wp-block-details is-layout-flow wp-block-details-is-layout-flow\"><summary>Welche Leistungen bietest du an?<\/summary>\n<p>Von Logos, klassischen Flyern, Visitenkarten, Websites \u00fcber Fensterbeklebungen, Grafiken und Instagram Posts ist ziemlich viel dabei. Sprich mich gerne einfach an!<\/p>\n<\/details>\n<\/div>\n\n\n\n<div class=\"wp-block-group has-ti-bg-alt-background-color has-background is-layout-constrained wp-block-group-is-layout-constrained\" style=\"padding-top:var(--wp--preset--spacing--40);padding-bottom:var(--wp--preset--spacing--40)\">\n<details class=\"wp-block-details is-layout-flow wp-block-details-is-layout-flow\"><summary>Wie l\u00e4uft so ein Projekt ab?<\/summary>\n<p>Nach deiner Kontaktaufnahme, k\u00f6nnen wir gerne ein Treffen vereinbaren, indem wir deine genauen Vorstellungen besprechen und Zeitplan und Budget abstimmen. <\/p>\n<\/details>\n<\/div>\n\n\n\n<div class=\"wp-block-group has-ti-bg-alt-background-color has-background is-layout-constrained wp-block-group-is-layout-constrained\" style=\"padding-top:var(--wp--preset--spacing--40);padding-bottom:var(--wp--preset--spacing--40)\">\n<details class=\"wp-block-details is-layout-flow wp-block-details-is-layout-flow\"><summary>Was kostet beispielsweise die Erstellung eines Flyers?<\/summary>\n<p>Die Frage nach den Kosten ist immer schwierig, denn das Budget h\u00e4ngt ganz vom Rahmen des Projekts ab. Vielleicht aber so viel&#8230; auch unter 100 Euro k\u00f6nnen schon sch\u00f6ne, individuelle Visitenkarten oder Grafiken entstehen&#8230;<\/p>\n<\/details>\n<\/div>\n\n\n\n<div class=\"wp-block-group has-ti-bg-alt-background-color has-background is-layout-constrained wp-block-group-is-layout-constrained\" style=\"padding-top:var(--wp--preset--spacing--40);padding-bottom:var(--wp--preset--spacing--40)\">\n<details class=\"wp-block-details is-layout-flow wp-block-details-is-layout-flow\"><summary><\/summary>\n<p><\/p>\n<\/details>\n<\/div>\n<\/div>\n<\/div>\n<\/div>\n\n\n\n<div class=\"wp-block-group alignfull is-layout-constrained wp-container-core-group-is-layout-e1639f40 wp-block-group-is-layout-constrained\" style=\"margin-top:0;margin-bottom:0;padding-top:var(--wp--preset--spacing--80);padding-right:var(--wp--preset--spacing--50);padding-bottom:var(--wp--preset--spacing--80);padding-left:var(--wp--preset--spacing--50)\"><\/div>\n\n\n\n<div class=\"wp-block-group alignfull has-ti-bg-alt-background-color has-background is-layout-constrained wp-container-core-group-is-layout-b42db63c wp-block-group-is-layout-constrained\" style=\"margin-top:0;margin-bottom:0;padding-top:var(--wp--preset--spacing--80);padding-right:var(--wp--preset--spacing--50);padding-bottom:var(--wp--preset--spacing--80);padding-left:var(--wp--preset--spacing--50)\">\n<div class=\"wp-block-group alignwide has-ti-fg-alt-color has-ti-bg-inv-background-color has-text-color has-background has-link-color wp-elements-c4e293a34d6d0ee02e9cf63ebc1c7461 is-layout-constrained wp-container-core-group-is-layout-94e519ba wp-block-group-is-layout-constrained\" style=\"border-radius:16px;padding-top:var(--wp--preset--spacing--80);padding-right:var(--wp--preset--spacing--40);padding-bottom:var(--wp--preset--spacing--80);padding-left:var(--wp--preset--spacing--40)\">\n<p class=\"has-text-align-center has-small-font-size\" style=\"font-style:normal;font-weight:600;text-transform:uppercase\">Kontakt<\/p>\n\n\n\n<p class=\"has-text-align-center has-medium-font-size\">Starte dein Projekt heute!<\/p>\n\n\n\n<p class=\"has-text-align-center has-large-font-size\">0157-82564166<\/p>\n\n\n\n<div class=\"wp-block-buttons is-content-justification-center is-layout-flex wp-container-core-buttons-is-layout-a89b3969 wp-block-buttons-is-layout-flex\">\n<div class=\"wp-block-button is-style-outline is-style-outline--1\"><a class=\"wp-block-button__link wp-element-button\">Get in touch<\/a><\/div>\n<\/div>\n<\/div>\n<\/div>\n<\/main>\n","protected":false},"excerpt":{"rendered":"<p>Kontakt Wie kann ich dir helfen? Louisa Langst\u00e4dtlerAbwinkelbachstra\u00dfe 2083734 HaushamTel: 0157-82564166Email: info@l2-designery.de Kontakt Starte dein Projekt heute! 0157-82564166<\/p>\n","protected":false},"author":1,"featured_media":0,"parent":0,"menu_order":0,"comment_status":"closed","ping_status":"closed","template":"template-plain","meta":{"_themeisle_gutenberg_block_has_review":false,"footnotes":""},"class_list":["post-89","page","type-page","status-publish","hentry"],"_links":{"self":[{"href":"https:\/\/www.l2-designery.de\/index.php\/wp-json\/wp\/v2\/pages\/89","targetHints":{"allow":["GET"]}}],"collection":[{"href":"https:\/\/www.l2-designery.de\/index.php\/wp-json\/wp\/v2\/pages"}],"about":[{"href":"https:\/\/www.l2-designery.de\/index.php\/wp-json\/wp\/v2\/types\/page"}],"author":[{"embeddable":true,"href":"https:\/\/www.l2-designery.de\/index.php\/wp-json\/wp\/v2\/users\/1"}],"replies":[{"embeddable":true,"href":"https:\/\/www.l2-designery.de\/index.php\/wp-json\/wp\/v2\/comments?post=89"}],"version-history":[{"count":5,"href":"https:\/\/www.l2-designery.de\/index.php\/wp-json\/wp\/v2\/pages\/89\/revisions"}],"predecessor-version":[{"id":137,"href":"https:\/\/www.l2-designery.de\/index.php\/wp-json\/wp\/v2\/pages\/89\/revisions\/137"}],"wp:attachment":[{"href":"https:\/\/www.l2-designery.de\/index.php\/wp-json\/wp\/v2\/media?parent=89"}],"curies":[{"name":"wp","href":"https:\/\/api.w.org\/{rel}","templated":true}]}}