{"id":88,"date":"2025-04-12T08:56:14","date_gmt":"2025-04-12T08:56:14","guid":{"rendered":"https:\/\/www.l2-designery.de\/index.php\/ueber-uns-seite\/"},"modified":"2025-12-12T09:20:16","modified_gmt":"2025-12-12T09:20:16","slug":"ueber-uns-seite","status":"publish","type":"page","link":"https:\/\/www.l2-designery.de\/index.php\/ueber-uns-seite\/","title":{"rendered":"\u00dcber-Uns-Seite"},"content":{"rendered":"\n<main class=\"wp-block-group is-layout-flow wp-container-core-group-is-layout-5e28f8c7 wp-block-group-is-layout-flow\" style=\"margin-top:0;margin-bottom:0;padding-top:0;padding-right:0;padding-bottom:0;padding-left:0\">\n<div class=\"wp-block-group alignfull has-ti-bg-alt-background-color has-background is-layout-constrained wp-container-core-group-is-layout-ca21e7af wp-block-group-is-layout-constrained\" style=\"margin-top:0;margin-bottom:0;padding-top:var(--wp--preset--spacing--80);padding-right:var(--wp--preset--spacing--40);padding-bottom:var(--wp--preset--spacing--80);padding-left:var(--wp--preset--spacing--40)\">\n<h1 class=\"wp-block-heading alignwide has-text-align-center\">\u00dcber mich<\/h1>\n<\/div>\n\n\n\n<div class=\"wp-block-group alignfull is-layout-constrained wp-block-group-is-layout-constrained\" style=\"margin-top:0px;margin-bottom:0px;padding-top:64px;padding-bottom:64px\">\n<div class=\"wp-block-columns alignwide is-layout-flex wp-container-core-columns-is-layout-28f84493 wp-block-columns-is-layout-flex\">\n<div class=\"wp-block-column is-vertically-aligned-center is-layout-flow wp-block-column-is-layout-flow\">\n<h2 class=\"wp-block-heading\">Hey!<\/h2>\n\n\n\n<p>Ich bin Loui und gestalte gerne&#8230; Logos, Visitenkarten, Flyer, B\u00fccher usw. <br>Vielleicht kann ich auch dir helfen dein individuelles Projekt auf pers\u00f6nliche und einzigartige Weise umzusetzen.<\/p>\n<\/div>\n\n\n\n<div class=\"wp-block-column is-layout-flow wp-block-column-is-layout-flow\">\n<figure class=\"wp-block-image size-full\"><img loading=\"lazy\" decoding=\"async\" width=\"2000\" height=\"2000\" src=\"https:\/\/www.l2-designery.de\/wp-content\/uploads\/2025\/04\/Louisa-edited.jpg\" alt=\"\" class=\"wp-image-98\" srcset=\"https:\/\/www.l2-designery.de\/wp-content\/uploads\/2025\/04\/Louisa-edited.jpg 2000w, https:\/\/www.l2-designery.de\/wp-content\/uploads\/2025\/04\/Louisa-edited-300x300.jpg 300w, https:\/\/www.l2-designery.de\/wp-content\/uploads\/2025\/04\/Louisa-edited-1024x1024.jpg 1024w, https:\/\/www.l2-designery.de\/wp-content\/uploads\/2025\/04\/Louisa-edited-150x150.jpg 150w, https:\/\/www.l2-designery.de\/wp-content\/uploads\/2025\/04\/Louisa-edited-768x768.jpg 768w, https:\/\/www.l2-designery.de\/wp-content\/uploads\/2025\/04\/Louisa-edited-1536x1536.jpg 1536w\" sizes=\"auto, (max-width: 2000px) 100vw, 2000px\" \/><\/figure>\n<\/div>\n\n\n\n<div class=\"wp-block-column is-layout-flow wp-block-column-is-layout-flow\">\n<figure class=\"wp-block-image size-full\"><img loading=\"lazy\" decoding=\"async\" width=\"683\" height=\"683\" src=\"https:\/\/www.l2-designery.de\/wp-content\/uploads\/2025\/04\/laptop-desk-work-table-wood-floor-19574-pxhere-com-edited.jpg\" alt=\"\" class=\"wp-image-101\" srcset=\"https:\/\/www.l2-designery.de\/wp-content\/uploads\/2025\/04\/laptop-desk-work-table-wood-floor-19574-pxhere-com-edited.jpg 683w, https:\/\/www.l2-designery.de\/wp-content\/uploads\/2025\/04\/laptop-desk-work-table-wood-floor-19574-pxhere-com-edited-300x300.jpg 300w, https:\/\/www.l2-designery.de\/wp-content\/uploads\/2025\/04\/laptop-desk-work-table-wood-floor-19574-pxhere-com-edited-150x150.jpg 150w\" sizes=\"auto, (max-width: 683px) 100vw, 683px\" \/><\/figure>\n<\/div>\n<\/div>\n\n\n\n<div class=\"wp-block-columns alignwide are-vertically-aligned-bottom is-layout-flex wp-container-core-columns-is-layout-28f84493 wp-block-columns-is-layout-flex\">\n<div class=\"wp-block-column is-vertically-aligned-bottom is-layout-flow wp-block-column-is-layout-flow\" style=\"flex-basis:66%\">\n<figure class=\"wp-block-image size-large size-full\"><img loading=\"lazy\" decoding=\"async\" width=\"2560\" height=\"1439\" src=\"https:\/\/www.l2-designery.de\/wp-content\/uploads\/2025\/04\/L-1-3-edited-scaled.jpg\" alt=\"\" class=\"wp-image-100\" srcset=\"https:\/\/www.l2-designery.de\/wp-content\/uploads\/2025\/04\/L-1-3-edited-scaled.jpg 2560w, https:\/\/www.l2-designery.de\/wp-content\/uploads\/2025\/04\/L-1-3-edited-300x169.jpg 300w, https:\/\/www.l2-designery.de\/wp-content\/uploads\/2025\/04\/L-1-3-edited-1024x576.jpg 1024w, https:\/\/www.l2-designery.de\/wp-content\/uploads\/2025\/04\/L-1-3-edited-768x432.jpg 768w, https:\/\/www.l2-designery.de\/wp-content\/uploads\/2025\/04\/L-1-3-edited-1536x863.jpg 1536w, https:\/\/www.l2-designery.de\/wp-content\/uploads\/2025\/04\/L-1-3-edited-2048x1151.jpg 2048w\" sizes=\"auto, (max-width: 2560px) 100vw, 2560px\" \/><\/figure>\n<\/div>\n\n\n\n<div class=\"wp-block-column is-vertically-aligned-bottom is-layout-flow wp-block-column-is-layout-flow\">\n<p class=\"has-medium-font-size\">&#8222;&#8230;von Bayern \u00fcber Holland und wieder zur\u00fcck nach Bayern an den sch\u00f6nen Schliersee&#8230;&#8220;<\/p>\n\n\n\n<p>Falls dich mehr \u00fcber meinen Werdegang interessiert, schau gerne hier vorbei&#8230;<\/p>\n\n\n\n<div class=\"wp-block-buttons is-layout-flex wp-block-buttons-is-layout-flex\">\n<div class=\"wp-block-button is-style-fill\"><a class=\"wp-block-button__link wp-element-button\">Stationen<\/a><\/div>\n<\/div>\n<\/div>\n<\/div>\n<\/div>\n\n\n\n<div class=\"wp-block-cover alignfull\" style=\"margin-top:0;margin-bottom:0;padding-top:24px;padding-right:24px;padding-bottom:24px;padding-left:24px;min-height:500px;aspect-ratio:unset;\"><span aria-hidden=\"true\" class=\"wp-block-cover__background has-ti-bg-inv-background-color has-background-dim-100 has-background-dim\"><\/span><div class=\"wp-block-cover__inner-container is-layout-flow wp-block-cover-is-layout-flow\">\n<div class=\"wp-block-group has-ti-fg-alt-color has-text-color is-layout-constrained wp-block-group-is-layout-constrained\">\n<h2 class=\"wp-block-heading alignwide has-text-align-center has-huge-font-size\">Starte noch heute mit deinem neuen Projekt<\/h2>\n\n\n\n<p class=\"has-text-align-center\">Ich bin nur einen Klick entfernt um dich zu unterst\u00fctzen!<\/p>\n\n\n\n<div class=\"wp-block-buttons is-content-justification-center is-layout-flex wp-container-core-buttons-is-layout-a89b3969 wp-block-buttons-is-layout-flex\">\n<div class=\"wp-block-button\"><a class=\"wp-block-button__link wp-element-button\" href=\"https:\/\/www.l2-designery.de\/index.php\/kontaktseite\/\">Starte jetzt!<\/a><\/div>\n<\/div>\n<\/div>\n<\/div><\/div>\n<\/main>\n","protected":false},"excerpt":{"rendered":"<p>\u00dcber mich Hey! Ich bin Loui und gestalte gerne&#8230; Logos, Visitenkarten, Flyer, B\u00fccher usw. Vielleicht kann ich auch dir helfen dein individuelles Projekt auf pers\u00f6nliche und einzigartige Weise umzusetzen. &#8222;&#8230;von Bayern \u00fcber Holland und wieder zur\u00fcck nach Bayern an den sch\u00f6nen Schliersee&#8230;&#8220; Falls dich mehr \u00fcber meinen Werdegang interessiert, schau gerne hier vorbei&#8230;<\/p>\n","protected":false},"author":1,"featured_media":0,"parent":0,"menu_order":0,"comment_status":"closed","ping_status":"closed","template":"template-plain","meta":{"_themeisle_gutenberg_block_has_review":false,"footnotes":""},"class_list":["post-88","page","type-page","status-publish","hentry"],"_links":{"self":[{"href":"https:\/\/www.l2-designery.de\/index.php\/wp-json\/wp\/v2\/pages\/88","targetHints":{"allow":["GET"]}}],"collection":[{"href":"https:\/\/www.l2-designery.de\/index.php\/wp-json\/wp\/v2\/pages"}],"about":[{"href":"https:\/\/www.l2-designery.de\/index.php\/wp-json\/wp\/v2\/types\/page"}],"author":[{"embeddable":true,"href":"https:\/\/www.l2-designery.de\/index.php\/wp-json\/wp\/v2\/users\/1"}],"replies":[{"embeddable":true,"href":"https:\/\/www.l2-designery.de\/index.php\/wp-json\/wp\/v2\/comments?post=88"}],"version-history":[{"count":2,"href":"https:\/\/www.l2-designery.de\/index.php\/wp-json\/wp\/v2\/pages\/88\/revisions"}],"predecessor-version":[{"id":138,"href":"https:\/\/www.l2-designery.de\/index.php\/wp-json\/wp\/v2\/pages\/88\/revisions\/138"}],"wp:attachment":[{"href":"https:\/\/www.l2-designery.de\/index.php\/wp-json\/wp\/v2\/media?parent=88"}],"curies":[{"name":"wp","href":"https:\/\/api.w.org\/{rel}","templated":true}]}}