{"id":82,"date":"2025-04-12T08:41:55","date_gmt":"2025-04-12T08:41:55","guid":{"rendered":"https:\/\/www.l2-designery.de\/?page_id=82"},"modified":"2025-04-12T09:34:41","modified_gmt":"2025-04-12T09:34:41","slug":"portfolio","status":"publish","type":"page","link":"https:\/\/www.l2-designery.de\/index.php\/portfolio\/","title":{"rendered":"Logo Design &amp; Corporates"},"content":{"rendered":"\n<figure class=\"wp-block-image size-large\"><img loading=\"lazy\" decoding=\"async\" width=\"1024\" height=\"710\" src=\"https:\/\/www.l2-designery.de\/wp-content\/uploads\/2023\/03\/AdobeStock_204468305-1024x710.png\" alt=\"\" class=\"wp-image-59\" srcset=\"https:\/\/www.l2-designery.de\/wp-content\/uploads\/2023\/03\/AdobeStock_204468305-1024x710.png 1024w, https:\/\/www.l2-designery.de\/wp-content\/uploads\/2023\/03\/AdobeStock_204468305-300x208.png 300w, https:\/\/www.l2-designery.de\/wp-content\/uploads\/2023\/03\/AdobeStock_204468305-768x532.png 768w, https:\/\/www.l2-designery.de\/wp-content\/uploads\/2023\/03\/AdobeStock_204468305-1536x1064.png 1536w, https:\/\/www.l2-designery.de\/wp-content\/uploads\/2023\/03\/AdobeStock_204468305-2048x1419.png 2048w\" sizes=\"auto, (max-width: 1024px) 100vw, 1024px\" \/><\/figure>\n\n\n\n<h2 class=\"wp-block-heading\">Corporate Identity f\u00fcr eine Bodenbel\u00fcftungsfirma<\/h2>\n\n\n\n<p>Vorgabe f\u00fcr dieses Unternehmen war es, ein Logo zu gestalten, dass Elemente aus Gartenbau, sowie Bodenbel\u00fcftung beinhaltet. Gleichzeitig sollte es modern und stilvoll sein.<\/p>\n\n\n","protected":false},"excerpt":{"rendered":"<p>Corporate Identity f\u00fcr eine Bodenbel\u00fcftungsfirma Vorgabe f\u00fcr dieses Unternehmen war es, ein Logo zu gestalten, dass Elemente aus Gartenbau, sowie Bodenbel\u00fcftung beinhaltet. Gleichzeitig sollte es modern und stilvoll sein.<\/p>\n","protected":false},"author":1,"featured_media":0,"parent":0,"menu_order":0,"comment_status":"closed","ping_status":"closed","template":"","meta":{"_themeisle_gutenberg_block_has_review":false,"footnotes":""},"class_list":["post-82","page","type-page","status-publish","hentry"],"_links":{"self":[{"href":"https:\/\/www.l2-designery.de\/index.php\/wp-json\/wp\/v2\/pages\/82","targetHints":{"allow":["GET"]}}],"collection":[{"href":"https:\/\/www.l2-designery.de\/index.php\/wp-json\/wp\/v2\/pages"}],"about":[{"href":"https:\/\/www.l2-designery.de\/index.php\/wp-json\/wp\/v2\/types\/page"}],"author":[{"embeddable":true,"href":"https:\/\/www.l2-designery.de\/index.php\/wp-json\/wp\/v2\/users\/1"}],"replies":[{"embeddable":true,"href":"https:\/\/www.l2-designery.de\/index.php\/wp-json\/wp\/v2\/comments?post=82"}],"version-history":[{"count":3,"href":"https:\/\/www.l2-designery.de\/index.php\/wp-json\/wp\/v2\/pages\/82\/revisions"}],"predecessor-version":[{"id":95,"href":"https:\/\/www.l2-designery.de\/index.php\/wp-json\/wp\/v2\/pages\/82\/revisions\/95"}],"wp:attachment":[{"href":"https:\/\/www.l2-designery.de\/index.php\/wp-json\/wp\/v2\/media?parent=82"}],"curies":[{"name":"wp","href":"https:\/\/api.w.org\/{rel}","templated":true}]}}